{"id":318,"date":"2019-06-13T02:33:00","date_gmt":"2019-06-13T02:33:00","guid":{"rendered":"https:\/\/quintanadental.es\/blog-grid-03\/"},"modified":"2022-05-18T11:58:18","modified_gmt":"2022-05-18T11:58:18","slug":"blog","status":"publish","type":"page","link":"https:\/\/quintanadental.es\/en\/blog\/","title":{"rendered":"Blog"},"content":{"rendered":"<div id=\"tm-row-69dcf0a133a95\" class=\"vc_row vc_row-outer vc_row-fluid\"><div id=\"tm-column-69dcf0a133eee\" class=\"wpb_column vc_column_container vc_col-sm-12\"><div class=\"vc_column-inner\"><div class=\"wpb_wrapper\">\n\t<div class=\"tm-grid-wrapper tm-blog  style-grid_classic_03 style-03\" id=\"tm-blog-69dcf0a1340b5\"\n\t\t\t\t\tdata-pagination=\"pagination\"\n\t\t\n\t\t\n\t\t data-filter-type=\"static\"\n\t>\n\t\t\n\t\t\n\t\t<input type=\"hidden\" class=\"tm-grid-query\" value=\"{&quot;post_type&quot;:&quot;post&quot;,&quot;posts_per_page&quot;:&quot;9&quot;,&quot;orderby&quot;:&quot;date&quot;,&quot;order&quot;:&quot;DESC&quot;,&quot;paged&quot;:1,&quot;post_status&quot;:&quot;publish&quot;,&quot;post__not_in&quot;:[],&quot;action&quot;:&quot;post_infinite_load&quot;,&quot;max_num_pages&quot;:2,&quot;found_posts&quot;:14,&quot;taxonomies&quot;:&quot;&quot;,&quot;style&quot;:&quot;grid_classic_03&quot;,&quot;pagination&quot;:&quot;pagination&quot;,&quot;count&quot;:9,&quot;metro_layout&quot;:&quot;%5B%7B%22size%22%3A%222%3A2%22%7D%2C%7B%22size%22%3A%221%3A1%22%7D%2C%7B%22size%22%3A%221%3A1%22%7D%2C%7B%22size%22%3A%222%3A2%22%7D%2C%7B%22size%22%3A%221%3A1%22%7D%2C%7B%22size%22%3A%221%3A1%22%7D%5D&quot;}\"\/>\n\n\t\t\n\t\t\t\t<div class=\"tm-grid modern-grid has-animation move-up\"\n\t\t\t\t\t\t\t\t\t>\n\t\t\t\t\t\t<div class=\"post-item grid-item post-207 post type-post status-publish format-standard has-post-thumbnail hentry category-implantes-dentales tag-clinic tag-dental tag-dentist tag-dentistry tag-face tag-floss tag-teeth tag-tooth\">\n\t\t<div class=\"post-item-wrap\">\n\t\t\t<div class=\"post-feature-wrap\">\n\t\t\t\t\t\t\t\t\t<div class=\"post-feature post-thumbnail\">\n\t\t\t\t\t\t<a href=\"https:\/\/quintanadental.es\/en\/2022\/05\/11\/surprising-foods-that-are-actually-good-for-your-teeth\/\">\n\t\t\t\t\t\t\t<img decoding=\"async\" src=\"https:\/\/quintanadental.es\/wp-content\/uploads\/2019\/06\/6-585x332.jpg\" alt=\"Alimentos sorprendentes que son realmente buenos para los dientes\" \/>\t\t\t\t\t\t<\/a>\n\t\t\t\t\t<\/div>\n\t\t\t\t\t\t\t<\/div>\n\n\t\t\t<div class=\"post-info\">\n\t\t\t\t<div class=\"post-date\">\n\t\t\t\t\tMay 11, 2022\t\t\t\t<\/div>\n\n\t\t\t\t<h3 class=\"post-title\">\n\t<a href=\"https:\/\/quintanadental.es\/en\/2022\/05\/11\/surprising-foods-that-are-actually-good-for-your-teeth\/\">Alimentos sorprendentes que son realmente buenos para los dientes<\/a>\n<\/h3>\n\n\t\t\t\t<div class=\"post-excerpt\">\n\t\t\t\t\t<p>Todo el mundo ha o\u00eddo hablar de los alimentos que son malos para la salud &hellip;<\/p>\t\t\t\t<\/div>\n\n\t\t\t\t<div class=\"post-read-more\">\n\t<a href=\"https:\/\/quintanadental.es\/en\/2022\/05\/11\/surprising-foods-that-are-actually-good-for-your-teeth\/\">\n\t\t<span class=\"btn-text heading-font\" data-hover=\"Read More\">\n\t\t\tRead More\t\t<\/span>\n\t\t<i class=\"far fa-long-arrow-alt-right\"><\/i>\n\t<\/a>\n<\/div>\n\t\t\t<\/div>\n\t\t<\/div>\n\n\t<\/div>\n\t<div class=\"post-item grid-item post-209 post type-post status-publish format-standard has-post-thumbnail hentry category-quintana-dental tag-clinic tag-dental tag-face tag-teeth tag-tooth\">\n\t\t<div class=\"post-item-wrap\">\n\t\t\t<div class=\"post-feature-wrap\">\n\t\t\t\t\t\t\t\t\t<div class=\"post-feature post-thumbnail\">\n\t\t\t\t\t\t<a href=\"https:\/\/quintanadental.es\/en\/2022\/05\/01\/what-type-of-mouth-guard-should-you-use-every-day\/\">\n\t\t\t\t\t\t\t<img decoding=\"async\" src=\"https:\/\/quintanadental.es\/wp-content\/uploads\/2019\/06\/25-585x332.jpg\" alt=\"\u00bfQu\u00e9 tipo de protector bucal debe usar todos los d\u00edas?\" \/>\t\t\t\t\t\t<\/a>\n\t\t\t\t\t<\/div>\n\t\t\t\t\t\t\t<\/div>\n\n\t\t\t<div class=\"post-info\">\n\t\t\t\t<div class=\"post-date\">\n\t\t\t\t\tMay 01, 2022\t\t\t\t<\/div>\n\n\t\t\t\t<h3 class=\"post-title\">\n\t<a href=\"https:\/\/quintanadental.es\/en\/2022\/05\/01\/what-type-of-mouth-guard-should-you-use-every-day\/\">\u00bfQu\u00e9 tipo de protector bucal debe usar todos los d\u00edas?<\/a>\n<\/h3>\n\n\t\t\t\t<div class=\"post-excerpt\">\n\t\t\t\t\t<p>Los protectores bucales son cubiertas que se usan sobre los dientes y, a menudo, se &hellip;<\/p>\t\t\t\t<\/div>\n\n\t\t\t\t<div class=\"post-read-more\">\n\t<a href=\"https:\/\/quintanadental.es\/en\/2022\/05\/01\/what-type-of-mouth-guard-should-you-use-every-day\/\">\n\t\t<span class=\"btn-text heading-font\" data-hover=\"Read More\">\n\t\t\tRead More\t\t<\/span>\n\t\t<i class=\"far fa-long-arrow-alt-right\"><\/i>\n\t<\/a>\n<\/div>\n\t\t\t<\/div>\n\t\t<\/div>\n\n\t<\/div>\n\t<div class=\"post-item grid-item post-208 post type-post status-publish format-standard has-post-thumbnail hentry category-implantes-dentales tag-clinic tag-dentistry tag-floss tag-teeth tag-tooth\">\n\t\t<div class=\"post-item-wrap\">\n\t\t\t<div class=\"post-feature-wrap\">\n\t\t\t\t\t\t\t\t\t<div class=\"post-feature post-thumbnail\">\n\t\t\t\t\t\t<a href=\"https:\/\/quintanadental.es\/en\/2022\/04\/20\/is-having-a-gum-lift-really-necessary-for-your-oral-health\/\">\n\t\t\t\t\t\t\t<img decoding=\"async\" src=\"https:\/\/quintanadental.es\/wp-content\/uploads\/2019\/06\/5-585x332.jpg\" alt=\"\u00bfEs realmente necesario un levantamiento de enc\u00edas para su salud bucal?\" \/>\t\t\t\t\t\t<\/a>\n\t\t\t\t\t<\/div>\n\t\t\t\t\t\t\t<\/div>\n\n\t\t\t<div class=\"post-info\">\n\t\t\t\t<div class=\"post-date\">\n\t\t\t\t\tApr 20, 2022\t\t\t\t<\/div>\n\n\t\t\t\t<h3 class=\"post-title\">\n\t<a href=\"https:\/\/quintanadental.es\/en\/2022\/04\/20\/is-having-a-gum-lift-really-necessary-for-your-oral-health\/\">\u00bfEs realmente necesario un levantamiento de enc\u00edas para su salud bucal?<\/a>\n<\/h3>\n\n\t\t\t\t<div class=\"post-excerpt\">\n\t\t\t\t\t<p>Si sus enc\u00edas descansan demasiado bajo o demasiado alto sobre sus dientes y no est\u00e1 &hellip;<\/p>\t\t\t\t<\/div>\n\n\t\t\t\t<div class=\"post-read-more\">\n\t<a href=\"https:\/\/quintanadental.es\/en\/2022\/04\/20\/is-having-a-gum-lift-really-necessary-for-your-oral-health\/\">\n\t\t<span class=\"btn-text heading-font\" data-hover=\"Read More\">\n\t\t\tRead More\t\t<\/span>\n\t\t<i class=\"far fa-long-arrow-alt-right\"><\/i>\n\t<\/a>\n<\/div>\n\t\t\t<\/div>\n\t\t<\/div>\n\n\t<\/div>\n\t<div class=\"post-item grid-item post-206 post type-post status-publish format-standard has-post-thumbnail hentry category-implantes-dentales tag-clinic tag-dental tag-dentist tag-dentistry tag-face tag-floss tag-teeth tag-tooth\">\n\t\t<div class=\"post-item-wrap\">\n\t\t\t<div class=\"post-feature-wrap\">\n\t\t\t\t\t\t\t\t\t<div class=\"post-feature post-thumbnail\">\n\t\t\t\t\t\t<a href=\"https:\/\/quintanadental.es\/en\/2022\/04\/10\/little-known-services-that-your-dentists-are-providing\/\">\n\t\t\t\t\t\t\t<img decoding=\"async\" src=\"https:\/\/quintanadental.es\/wp-content\/uploads\/2019\/06\/10-585x332.jpg\" alt=\"Servicios poco conocidos que ofrecen los dentistas\" \/>\t\t\t\t\t\t<\/a>\n\t\t\t\t\t<\/div>\n\t\t\t\t\t\t\t<\/div>\n\n\t\t\t<div class=\"post-info\">\n\t\t\t\t<div class=\"post-date\">\n\t\t\t\t\tApr 10, 2022\t\t\t\t<\/div>\n\n\t\t\t\t<h3 class=\"post-title\">\n\t<a href=\"https:\/\/quintanadental.es\/en\/2022\/04\/10\/little-known-services-that-your-dentists-are-providing\/\">Servicios poco conocidos que ofrecen los dentistas<\/a>\n<\/h3>\n\n\t\t\t\t<div class=\"post-excerpt\">\n\t\t\t\t\t<p>La gente tiende a pensar que los dentistas solo se ocupan de los dientes, pero &hellip;<\/p>\t\t\t\t<\/div>\n\n\t\t\t\t<div class=\"post-read-more\">\n\t<a href=\"https:\/\/quintanadental.es\/en\/2022\/04\/10\/little-known-services-that-your-dentists-are-providing\/\">\n\t\t<span class=\"btn-text heading-font\" data-hover=\"Read More\">\n\t\t\tRead More\t\t<\/span>\n\t\t<i class=\"far fa-long-arrow-alt-right\"><\/i>\n\t<\/a>\n<\/div>\n\t\t\t<\/div>\n\t\t<\/div>\n\n\t<\/div>\n\t<div class=\"post-item grid-item post-203 post type-post status-publish format-standard has-post-thumbnail hentry category-implantes-dentales tag-clinic tag-dental tag-dentist tag-dentistry tag-face tag-floss tag-teeth tag-tooth\">\n\t\t<div class=\"post-item-wrap\">\n\t\t\t<div class=\"post-feature-wrap\">\n\t\t\t\t\t\t\t\t\t<div class=\"post-feature post-thumbnail\">\n\t\t\t\t\t\t<a href=\"https:\/\/quintanadental.es\/en\/2022\/04\/01\/getting-to-know-a-new-service-called-holistic-dentistry\/\">\n\t\t\t\t\t\t\t<img decoding=\"async\" src=\"https:\/\/quintanadental.es\/wp-content\/uploads\/2019\/06\/11-585x332.jpg\" alt=\"Conociendo Un Nuevo Servicio Llamado Odontolog\u00eda Hol\u00edstica\" \/>\t\t\t\t\t\t<\/a>\n\t\t\t\t\t<\/div>\n\t\t\t\t\t\t\t<\/div>\n\n\t\t\t<div class=\"post-info\">\n\t\t\t\t<div class=\"post-date\">\n\t\t\t\t\tApr 01, 2022\t\t\t\t<\/div>\n\n\t\t\t\t<h3 class=\"post-title\">\n\t<a href=\"https:\/\/quintanadental.es\/en\/2022\/04\/01\/getting-to-know-a-new-service-called-holistic-dentistry\/\">Conociendo Un Nuevo Servicio Llamado Odontolog\u00eda Hol\u00edstica<\/a>\n<\/h3>\n\n\t\t\t\t<div class=\"post-excerpt\">\n\t\t\t\t\t<p>\u00bfCu\u00e1ndo fue la \u00faltima vez que su dentista le recomend\u00f3 comer col rizada o hacer &hellip;<\/p>\t\t\t\t<\/div>\n\n\t\t\t\t<div class=\"post-read-more\">\n\t<a href=\"https:\/\/quintanadental.es\/en\/2022\/04\/01\/getting-to-know-a-new-service-called-holistic-dentistry\/\">\n\t\t<span class=\"btn-text heading-font\" data-hover=\"Read More\">\n\t\t\tRead More\t\t<\/span>\n\t\t<i class=\"far fa-long-arrow-alt-right\"><\/i>\n\t<\/a>\n<\/div>\n\t\t\t<\/div>\n\t\t<\/div>\n\n\t<\/div>\n\t<div class=\"post-item grid-item post-292 post type-post status-publish format-standard has-post-thumbnail hentry category-consejos category-salud-bucal tag-clinic tag-dental tag-dentistry tag-teeth\">\n\t\t<div class=\"post-item-wrap\">\n\t\t\t<div class=\"post-feature-wrap\">\n\t\t\t\t\t\t\t\t\t<div class=\"post-feature post-thumbnail\">\n\t\t\t\t\t\t<a href=\"https:\/\/quintanadental.es\/en\/2022\/03\/09\/top-5-foods-that-can-whiten-your-teeth-effectively\/\">\n\t\t\t\t\t\t\t<img decoding=\"async\" src=\"https:\/\/quintanadental.es\/wp-content\/uploads\/2019\/06\/1-585x332.jpg\" alt=\"Los 5 mejores alimentos que pueden blanquear tus dientes de manera efectiva\" \/>\t\t\t\t\t\t<\/a>\n\t\t\t\t\t<\/div>\n\t\t\t\t\t\t\t<\/div>\n\n\t\t\t<div class=\"post-info\">\n\t\t\t\t<div class=\"post-date\">\n\t\t\t\t\tMar 09, 2022\t\t\t\t<\/div>\n\n\t\t\t\t<h3 class=\"post-title\">\n\t<a href=\"https:\/\/quintanadental.es\/en\/2022\/03\/09\/top-5-foods-that-can-whiten-your-teeth-effectively\/\">Los 5 mejores alimentos que pueden blanquear tus dientes de manera efectiva<\/a>\n<\/h3>\n\n\t\t\t\t<div class=\"post-excerpt\">\n\t\t\t\t\t<p>Fresa: Pueden manchar tu camisa, pero podr\u00edan funcionar para blanquear los dientes, ya que contienen &hellip;<\/p>\t\t\t\t<\/div>\n\n\t\t\t\t<div class=\"post-read-more\">\n\t<a href=\"https:\/\/quintanadental.es\/en\/2022\/03\/09\/top-5-foods-that-can-whiten-your-teeth-effectively\/\">\n\t\t<span class=\"btn-text heading-font\" data-hover=\"Read More\">\n\t\t\tRead More\t\t<\/span>\n\t\t<i class=\"far fa-long-arrow-alt-right\"><\/i>\n\t<\/a>\n<\/div>\n\t\t\t<\/div>\n\t\t<\/div>\n\n\t<\/div>\n\t<div class=\"post-item grid-item post-288 post type-post status-publish format-standard has-post-thumbnail hentry category-salud-bucal tag-dental tag-dentist tag-face tag-teeth\">\n\t\t<div class=\"post-item-wrap\">\n\t\t\t<div class=\"post-feature-wrap\">\n\t\t\t\t\t\t\t\t\t<div class=\"post-feature post-thumbnail\">\n\t\t\t\t\t\t<a href=\"https:\/\/quintanadental.es\/en\/2022\/02\/09\/what-does-it-mean-when-your-tongue-turns-white\/\">\n\t\t\t\t\t\t\t<img decoding=\"async\" src=\"https:\/\/quintanadental.es\/wp-content\/uploads\/2019\/06\/3-585x332.jpg\" alt=\"\u00bfQu\u00e9 significa cuando tu lengua se vuelve blanca?\" \/>\t\t\t\t\t\t<\/a>\n\t\t\t\t\t<\/div>\n\t\t\t\t\t\t\t<\/div>\n\n\t\t\t<div class=\"post-info\">\n\t\t\t\t<div class=\"post-date\">\n\t\t\t\t\tFeb 09, 2022\t\t\t\t<\/div>\n\n\t\t\t\t<h3 class=\"post-title\">\n\t<a href=\"https:\/\/quintanadental.es\/en\/2022\/02\/09\/what-does-it-mean-when-your-tongue-turns-white\/\">\u00bfQu\u00e9 significa cuando tu lengua se vuelve blanca?<\/a>\n<\/h3>\n\n\t\t\t\t<div class=\"post-excerpt\">\n\t\t\t\t\t<p>Una lengua blanca es el resultado de un crecimiento excesivo e hinchaz\u00f3n de las proyecciones &hellip;<\/p>\t\t\t\t<\/div>\n\n\t\t\t\t<div class=\"post-read-more\">\n\t<a href=\"https:\/\/quintanadental.es\/en\/2022\/02\/09\/what-does-it-mean-when-your-tongue-turns-white\/\">\n\t\t<span class=\"btn-text heading-font\" data-hover=\"Read More\">\n\t\t\tRead More\t\t<\/span>\n\t\t<i class=\"far fa-long-arrow-alt-right\"><\/i>\n\t<\/a>\n<\/div>\n\t\t\t<\/div>\n\t\t<\/div>\n\n\t<\/div>\n\t<div class=\"post-item grid-item post-188 post type-post status-publish format-standard has-post-thumbnail hentry category-implantes-dentales tag-clinic tag-dental tag-dentist tag-dentistry tag-face tag-floss tag-teeth tag-tooth\">\n\t\t<div class=\"post-item-wrap\">\n\t\t\t<div class=\"post-feature-wrap\">\n\t\t\t\t\t\t\t\t\t<div class=\"post-feature post-thumbnail\">\n\t\t\t\t\t\t<a href=\"https:\/\/quintanadental.es\/en\/2022\/01\/07\/how-to-get-your-stubborn-husband-to-go-to-the-dentist\/\">\n\t\t\t\t\t\t\t<img decoding=\"async\" src=\"https:\/\/quintanadental.es\/wp-content\/uploads\/2019\/06\/13-585x332.jpg\" alt=\"C\u00f3mo hacer que tu marido testarudo vaya al dentista\" \/>\t\t\t\t\t\t<\/a>\n\t\t\t\t\t<\/div>\n\t\t\t\t\t\t\t<\/div>\n\n\t\t\t<div class=\"post-info\">\n\t\t\t\t<div class=\"post-date\">\n\t\t\t\t\tJan 07, 2022\t\t\t\t<\/div>\n\n\t\t\t\t<h3 class=\"post-title\">\n\t<a href=\"https:\/\/quintanadental.es\/en\/2022\/01\/07\/how-to-get-your-stubborn-husband-to-go-to-the-dentist\/\">C\u00f3mo hacer que tu marido testarudo vaya al dentista<\/a>\n<\/h3>\n\n\t\t\t\t<div class=\"post-excerpt\">\n\t\t\t\t\t<p>Ya sea que el hombre en su vida tenga un miedo innato al dentista o &hellip;<\/p>\t\t\t\t<\/div>\n\n\t\t\t\t<div class=\"post-read-more\">\n\t<a href=\"https:\/\/quintanadental.es\/en\/2022\/01\/07\/how-to-get-your-stubborn-husband-to-go-to-the-dentist\/\">\n\t\t<span class=\"btn-text heading-font\" data-hover=\"Read More\">\n\t\t\tRead More\t\t<\/span>\n\t\t<i class=\"far fa-long-arrow-alt-right\"><\/i>\n\t<\/a>\n<\/div>\n\t\t\t<\/div>\n\t\t<\/div>\n\n\t<\/div>\n\t<div class=\"post-item grid-item post-186 post type-post status-publish format-standard has-post-thumbnail hentry category-implantes-dentales tag-clinic tag-dental tag-dentist tag-dentistry tag-face tag-floss tag-teeth tag-tooth\">\n\t\t<div class=\"post-item-wrap\">\n\t\t\t<div class=\"post-feature-wrap\">\n\t\t\t\t\t\t\t\t\t<div class=\"post-feature post-thumbnail\">\n\t\t\t\t\t\t<a href=\"https:\/\/quintanadental.es\/en\/2019\/06\/06\/what-you-should-know-about-your-child-losing-baby-teeth\/\">\n\t\t\t\t\t\t\t<img decoding=\"async\" src=\"https:\/\/quintanadental.es\/wp-content\/uploads\/2019\/06\/16-585x332.jpg\" alt=\"Lo que debe saber sobre la p\u00e9rdida de dientes de leche de su hijo\" \/>\t\t\t\t\t\t<\/a>\n\t\t\t\t\t<\/div>\n\t\t\t\t\t\t\t<\/div>\n\n\t\t\t<div class=\"post-info\">\n\t\t\t\t<div class=\"post-date\">\n\t\t\t\t\tJun 06, 2019\t\t\t\t<\/div>\n\n\t\t\t\t<h3 class=\"post-title\">\n\t<a href=\"https:\/\/quintanadental.es\/en\/2019\/06\/06\/what-you-should-know-about-your-child-losing-baby-teeth\/\">Lo que debe saber sobre la p\u00e9rdida de dientes de leche de su hijo<\/a>\n<\/h3>\n\n\t\t\t\t<div class=\"post-excerpt\">\n\t\t\t\t\t<p>Su peque\u00f1o eventualmente perder\u00e1 sus dientes de leche, lo cual es un hito en el &hellip;<\/p>\t\t\t\t<\/div>\n\n\t\t\t\t<div class=\"post-read-more\">\n\t<a href=\"https:\/\/quintanadental.es\/en\/2019\/06\/06\/what-you-should-know-about-your-child-losing-baby-teeth\/\">\n\t\t<span class=\"btn-text heading-font\" data-hover=\"Read More\">\n\t\t\tRead More\t\t<\/span>\n\t\t<i class=\"far fa-long-arrow-alt-right\"><\/i>\n\t<\/a>\n<\/div>\n\t\t\t<\/div>\n\t\t<\/div>\n\n\t<\/div>\n\t\t\t\t<\/div>\n\n\t\t\t\t\n\t\t\t\t\t<div class=\"tm-grid-pagination\">\n\t\t\t\t\t\t\t\t\t<div class=\"inner\" style=\"text-align:left\">\n\t\t\t\t\t\t<ul class=\"page-pagination\"><li><span aria-current=\"page\" class=\"page-numbers current\">1<\/span><\/li><li><a class=\"page-numbers\" href=\"https:\/\/quintanadental.es\/en\/wp-json\/wp\/v2\/pages\/318\/page\/2\/\">2<\/a><\/li><li><a class=\"next page-numbers\" href=\"https:\/\/quintanadental.es\/en\/wp-json\/wp\/v2\/pages\/318\/page\/2\/\"><i class=\"far fa-angle-right\"><\/i><\/a><\/li><\/ul>\t\t\t\t\t<\/div>\n\t\t\t\t\t\t\t<\/div>\n\t\t\t<div class=\"tm-grid-messages\" style=\"display: none;\">\n\t\t\t\tAll items displayed.\t\t\t<\/div>\n\t\t\t\n\t<\/div>\n\t<\/div><\/div><\/div><\/div>","protected":false},"excerpt":{"rendered":"Su peque\u00f1o eventualmente perder\u00e1 sus dientes de leche, lo cual es un hito en el proceso de crecimiento. Afortunadamente, no suele ser demasiado doloroso para los ni\u00f1os cuando pierden los dientes de leche, pero las im\u00e1genes sin dientes pueden avergonzarlos cuando crezcan. Sin embargo, una vez que se cae un diente, debe saber c\u00f3mo cuidar adecuadamente las enc\u00edas y el nuevo diente permanente que pronto aparecer\u00e1. Seg\u00fan la Cl\u00ednica Mayo, los ni\u00f1os perder\u00e1n sus primeros dientes alrededor de los 6 a\u00f1os. El momento var\u00eda de un ni\u00f1o a otro; aseg\u00farese de visitar a su dentista si su hijo pierde un diente prematuramente debido a un accidente o caries, especialmente porque el \u00faltimo escenario podr\u00eda indicar un problema mayor. \u201c Adem\u00e1s, cuando un diente de leche se cae prematuramente, es posible que el diente permanente de su hijo no tenga suficiente espacio para salir correctamente\u201d. A veces, un diente puede tardar algunos d\u00edas o incluso algunos meses en caerse una vez que usted o su hijo notan que est\u00e1 flojo. El tiempo que tarda en caerse depende de qu\u00e9 tan r\u00e1pido se disuelva o absorba la ra\u00edz del diente. Tambi\u00e9n depende de cu\u00e1nto lo mueva tu peque\u00f1o. Fuente: www.colgate.com","protected":false},"author":1,"featured_media":0,"parent":0,"menu_order":0,"comment_status":"closed","ping_status":"closed","template":"","meta":{"footnotes":""},"class_list":["post-318","page","type-page","status-publish","hentry"],"_links":{"self":[{"href":"https:\/\/quintanadental.es\/en\/wp-json\/wp\/v2\/pages\/318","targetHints":{"allow":["GET"]}}],"collection":[{"href":"https:\/\/quintanadental.es\/en\/wp-json\/wp\/v2\/pages"}],"about":[{"href":"https:\/\/quintanadental.es\/en\/wp-json\/wp\/v2\/types\/page"}],"author":[{"embeddable":true,"href":"https:\/\/quintanadental.es\/en\/wp-json\/wp\/v2\/users\/1"}],"replies":[{"embeddable":true,"href":"https:\/\/quintanadental.es\/en\/wp-json\/wp\/v2\/comments?post=318"}],"version-history":[{"count":1,"href":"https:\/\/quintanadental.es\/en\/wp-json\/wp\/v2\/pages\/318\/revisions"}],"predecessor-version":[{"id":2689,"href":"https:\/\/quintanadental.es\/en\/wp-json\/wp\/v2\/pages\/318\/revisions\/2689"}],"wp:attachment":[{"href":"https:\/\/quintanadental.es\/en\/wp-json\/wp\/v2\/media?parent=318"}],"curies":[{"name":"wp","href":"https:\/\/api.w.org\/{rel}","templated":true}]}}