{"id":125,"date":"2019-06-04T02:12:45","date_gmt":"2019-06-04T02:12:45","guid":{"rendered":"https:\/\/quintanadental.es\/book-appointment-2\/"},"modified":"2023-04-05T14:23:21","modified_gmt":"2023-04-05T14:23:21","slug":"solicita-tu-cita","status":"publish","type":"page","link":"https:\/\/quintanadental.es\/en\/solicita-tu-cita\/","title":{"rendered":"Solicita tu cita"},"content":{"rendered":"<div id=\"tm-row-69dcf30f6afd4\" data-vc-full-width=\"true\" data-vc-full-width-init=\"false\" class=\"vc_row vc_row-outer vc_row-fluid\"><div id=\"tm-column-69dcf30f6b579\" class=\"wpb_column vc_column_container vc_col-sm-12\"><div class=\"vc_column-inner\"><div class=\"wpb_wrapper\"><div class=\"tm-spacer\" id=\"tm-spacer-69dcf30f6b7cf\"><\/div>\n\n<div class=\"tm-heading  center tm-animation move-up\" id=\"tm-heading-69dcf30f6b961\">\n\t<h3 class=\"heading\" style='font-family:Poppins'>Solicita tu cita<\/h3><\/div>\n\n<div class=\"tm-spacer\" id=\"tm-spacer-69dcf30f6bdb2\"><\/div>\n\n<div class=\"tm-heading  center tm-animation move-up\" id=\"tm-heading-69dcf30f6be9f\">\n\t<div class=\"heading\" style='font-family:Poppins'>Haznos saber su problema, solicita una cita y recibe la mejor atenci\u00f3n de un equipo especialistas en todas las ramas de la odontolog\u00eda.<\/div><\/div>\n\n<div class=\"tm-spacer\" id=\"tm-spacer-69dcf30f6c155\"><\/div>\n<div id=\"tm-row-inner-69dcf30f6c2c3\" class=\"vc_row vc_inner vc_row-fluid vc_row-o-equal-height vc_row-flex\"><div id=\"tm-column-inner-69dcf30f6c606\" class=\"wpb_column vc_column_container vc_col-sm-12 vc_col-lg-4\"><div class=\"vc_column-inner\"><div class=\"wpb_wrapper\"><div class=\"tm-spacer\" id=\"tm-spacer-69dcf30f6cda4\"><\/div>\n<\/div><\/div><\/div><div id=\"tm-column-inner-69dcf30f6cedf\" class=\"wpb_column vc_column_container vc_col-sm-12 vc_col-lg-8\"><div class=\"vc_column-inner\"><div class=\"wpb_wrapper\">\n<div class=\"tm-heading  left tm-animation move-up\" id=\"tm-heading-69dcf30f6d1b0\">\n\t<h3 class=\"heading\" >\u00a1Ven a conocernos!<\/h3><\/div>\n\n<div class=\"tm-spacer\" id=\"tm-spacer-69dcf30f6d4aa\"><\/div>\n<div class=\"tm-contact-form-7  style-01 gutter-30 tm-animation move-up\" id=\"tm-blog-69dcf30f6d52d\">\n\t\n<div class=\"wpcf7 no-js\" id=\"wpcf7-f398-o1\" lang=\"en-US\" dir=\"ltr\">\n<div class=\"screen-reader-response\"><p role=\"status\" aria-live=\"polite\" aria-atomic=\"true\"><\/p> <ul><\/ul><\/div>\n<form action=\"\/en\/wp-json\/wp\/v2\/pages\/125#wpcf7-f398-o1\" method=\"post\" class=\"wpcf7-form init\" aria-label=\"Contact form\" novalidate=\"novalidate\" data-status=\"init\" data-trp-original-action=\"\/en\/wp-json\/wp\/v2\/pages\/125#wpcf7-f398-o1\">\n<div style=\"display: none;\">\n<input type=\"hidden\" name=\"_wpcf7\" value=\"398\" \/>\n<input type=\"hidden\" name=\"_wpcf7_version\" value=\"5.8.2\" \/>\n<input type=\"hidden\" name=\"_wpcf7_locale\" value=\"en_US\" \/>\n<input type=\"hidden\" name=\"_wpcf7_unit_tag\" value=\"wpcf7-f398-o1\" \/>\n<input type=\"hidden\" name=\"_wpcf7_container_post\" value=\"0\" \/>\n<input type=\"hidden\" name=\"_wpcf7_posted_data_hash\" value=\"\" \/>\n<\/div>\n<div class=\"row\">\n\t<div class=\"col-md-6\">\n\t\t<p><label>Nombre y apellidos<\/label><br \/>\n<span class=\"wpcf7-form-control-wrap\" data-name=\"your-name\"><input size=\"40\" class=\"wpcf7-form-control wpcf7-text wpcf7-validates-as-required\" aria-required=\"true\" aria-invalid=\"false\" placeholder=\"ex., Koldo Zabala\" value=\"\" type=\"text\" name=\"your-name\" \/><\/span>\n\t\t<\/p>\n\t<\/div>\n\t<div class=\"col-md-6\">\n\t\t<p><label>Tel\u00e9fono<\/label><br \/>\n<span class=\"wpcf7-form-control-wrap\" data-name=\"yout-phone\"><input size=\"40\" class=\"wpcf7-form-control wpcf7-tel wpcf7-validates-as-required wpcf7-text wpcf7-validates-as-tel\" aria-required=\"true\" aria-invalid=\"false\" value=\"\" type=\"tel\" name=\"yout-phone\" \/><\/span>\n\t\t<\/p>\n\t<\/div>\n\t<div class=\"col-md-6\">\n\t\t<p><label>Tratamiento de inter\u00e9s<\/label><br \/>\n<span class=\"wpcf7-form-control-wrap\" data-name=\"your-service-requested\"><input size=\"40\" class=\"wpcf7-form-control wpcf7-text wpcf7-validates-as-required\" aria-required=\"true\" aria-invalid=\"false\" value=\"\" type=\"text\" name=\"your-service-requested\" \/><\/span>\n\t\t<\/p>\n\t<\/div>\n\t<div class=\"col-md-6\">\n\t\t<p><label>\u00bfCu\u00e1ndo te gustar\u00eda tu cita?<\/label><br \/>\n<span class=\"wpcf7-form-control-wrap\" data-name=\"time-request\"><input size=\"40\" class=\"wpcf7-form-control wpcf7-text tm-timefield\" aria-invalid=\"false\" value=\"\" type=\"text\" name=\"time-request\" \/><\/span>\n\t\t<\/p>\n\t<\/div>\n\t<div class=\"col-md-12\" style=\"margin-top: 10px;\">\n\t\t<p><input class=\"wpcf7-form-control wpcf7-submit has-spinner\" type=\"submit\" value=\"Solicita cita\" \/>\n\t\t<\/p>\n\t<\/div>\n<\/div><div class=\"wpcf7-response-output\" aria-hidden=\"true\"><\/div>\n<input type=\"hidden\" name=\"trp-form-language\" value=\"en\"\/><\/form>\n<\/div>\n<\/div>\n<\/div><\/div><\/div><\/div><div class=\"tm-spacer\" id=\"tm-spacer-69dcf30f6f29f\"><\/div>\n<\/div><\/div><\/div><\/div><div class=\"vc_row-full-width vc_clearfix\"><\/div><div id=\"tm-row-69dcf30f6f526\" class=\"vc_row vc_row-outer vc_row-fluid\"><div id=\"tm-column-69dcf30f6f8a2\" class=\"wpb_column vc_column_container vc_col-sm-12\"><div class=\"vc_column-inner\"><div class=\"wpb_wrapper\"><div class=\"tm-spacer\" id=\"tm-spacer-69dcf30f6fab2\"><\/div>\n\n<div class=\"tm-heading  center tm-animation move-up\" id=\"tm-heading-69dcf30f6fbef\">\n\t<h3 class=\"heading\" >Por qu\u00e9 elegirnos<\/h3><\/div>\n\n<div class=\"tm-spacer\" id=\"tm-spacer-69dcf30f6fee7\"><\/div>\n\n<div class=\"tm-heading  center tm-animation move-up\" id=\"tm-heading-69dcf30f6fffc\">\n\t<h3 class=\"heading\" >Por esto somos la cl\u00ednica dental de referencia en Bermeo<\/h3><\/div>\n\n<div class=\"tm-spacer\" id=\"tm-spacer-69dcf30f702cf\"><\/div>\n<div id=\"tm-row-inner-69dcf30f7041d\" class=\"vc_row vc_inner vc_row-fluid\"><div id=\"tm-column-inner-69dcf30f70762\" class=\"wpb_column vc_column_container vc_col-sm-12 vc_col-lg-4\"><div class=\"vc_column-inner\"><div class=\"wpb_wrapper\"><div class=\"tm-box-icon  style-10 tm-animation move-up\" id=\"tm-box-icon-69dcf30f709c6\">\n\t\t<div class=\"content-wrap\">\n\t<div class=\"content-inner\">\n\t\t<div class=\"content-left\">\n\t\t\t\n\t\t\t\t\t\t\t\t\t\t\t\t<div class=\"icon\">\n\t\t\t\t\t\t<span class=\"fal fa-home-heart\"><\/span>\n\t\t\t\t\t<\/div>\n\t\t\t\t\t\t\t\t\t\t<\/div>\n\n\t\t<div class=\"content\">\n\n\t\t\t\t\t\t\t<h4 class=\"heading\">\n\t\t\t\t\t\n\t\t\t\t\t\tTrato cercano\n\t\t\t\t\t\t\n\t\t\t\t<\/h4>\n\t\t\t\n\t\t\t\t\t\t\t<div class=\"text\">Nuestra prioridad es que te sientas a gusto, tenemos en cuenta todas tus preocupaciones a la hora de proponerte un tratamiento.<\/div>\t\t\t\n\t\t\t\t\t<\/div>\n\t<\/div>\n<\/div>\n<\/div>\n<div class=\"tm-spacer\" id=\"tm-spacer-69dcf30f710eb\"><\/div>\n<\/div><\/div><\/div><div id=\"tm-column-inner-69dcf30f7125b\" class=\"wpb_column vc_column_container vc_col-sm-12 vc_col-lg-4\"><div class=\"vc_column-inner\"><div class=\"wpb_wrapper\"><div class=\"tm-box-icon  style-10 tm-animation move-up\" id=\"tm-box-icon-69dcf30f71467\">\n\t\t<div class=\"content-wrap\">\n\t<div class=\"content-inner\">\n\t\t<div class=\"content-left\">\n\t\t\t\n\t\t\t\t\t\t\t\t\t\t\t\t<div class=\"icon\">\n\t\t\t\t\t\t<span class=\"fal fa-laugh\"><\/span>\n\t\t\t\t\t<\/div>\n\t\t\t\t\t\t\t\t\t\t<\/div>\n\n\t\t<div class=\"content\">\n\n\t\t\t\t\t\t\t<h4 class=\"heading\">\n\t\t\t\t\t\n\t\t\t\t\t\tDise\u00f1amos sonrisas\n\t\t\t\t\t\t\n\t\t\t\t<\/h4>\n\t\t\t\n\t\t\t\t\t\t\t<div class=\"text\">Nuestro objetivo no es otro que dise\u00f1ar sonrisas con tres claros est\u00e1ndares de calidad: salud, est\u00e9tica y, sobre todo, tu bienestar.<\/div>\t\t\t\n\t\t\t\t\t<\/div>\n\t<\/div>\n<\/div>\n<\/div>\n<div class=\"tm-spacer\" id=\"tm-spacer-69dcf30f7194d\"><\/div>\n<\/div><\/div><\/div><div id=\"tm-column-inner-69dcf30f71a3d\" class=\"wpb_column vc_column_container vc_col-sm-12 vc_col-lg-4\"><div class=\"vc_column-inner\"><div class=\"wpb_wrapper\"><div class=\"tm-box-icon  style-10 tm-animation move-up\" id=\"tm-box-icon-69dcf30f71b99\">\n\t\t<div class=\"content-wrap\">\n\t<div class=\"content-inner\">\n\t\t<div class=\"content-left\">\n\t\t\t\n\t\t\t\t\t\t\t\t\t\t\t\t<div class=\"icon\">\n\t\t\t\t\t\t<span class=\"fal fa-briefcase-medical\"><\/span>\n\t\t\t\t\t<\/div>\n\t\t\t\t\t\t\t\t\t\t<\/div>\n\n\t\t<div class=\"content\">\n\n\t\t\t\t\t\t\t<h4 class=\"heading\">\n\t\t\t\t\t\n\t\t\t\t\t\tEquipo\n\t\t\t\t\t\t\n\t\t\t\t<\/h4>\n\t\t\t\n\t\t\t\t\t\t\t<div class=\"text\">Hemos creado un equipo \u00fanico, formado en las \u00faltimas t\u00e9cnicas y que saben como atender todas tus necesidades.<\/div>\t\t\t\n\t\t\t\t\t<\/div>\n\t<\/div>\n<\/div>\n<\/div>\n<div class=\"tm-spacer\" id=\"tm-spacer-69dcf30f71ffe\"><\/div>\n<\/div><\/div><\/div><\/div><div id=\"tm-row-inner-69dcf30f7212c\" class=\"vc_row vc_inner vc_row-fluid\"><div id=\"tm-column-inner-69dcf30f722dd\" class=\"wpb_column vc_column_container vc_col-sm-12 vc_col-lg-4\"><div class=\"vc_column-inner\"><div class=\"wpb_wrapper\"><div class=\"tm-box-icon  style-10 tm-animation move-up\" id=\"tm-box-icon-69dcf30f7242a\">\n\t\t<div class=\"content-wrap\">\n\t<div class=\"content-inner\">\n\t\t<div class=\"content-left\">\n\t\t\t\n\t\t\t\t\t\t\t\t\t\t\t\t<div class=\"icon\">\n\t\t\t\t\t\t<span class=\"fal fa-stethoscope\"><\/span>\n\t\t\t\t\t<\/div>\n\t\t\t\t\t\t\t\t\t\t<\/div>\n\n\t\t<div class=\"content\">\n\n\t\t\t\t\t\t\t<h4 class=\"heading\">\n\t\t\t\t\t\n\t\t\t\t\t\tPrimera visita\n\t\t\t\t\t\t\n\t\t\t\t<\/h4>\n\t\t\t\n\t\t\t\t\t\t\t<div class=\"text\">En tu primera visita echaremos un vistazo a tu salud bucal y te haremos las recomendaciones oportunas seg\u00fan tu caso, si es necesario.<\/div>\t\t\t\n\t\t\t\t\t<\/div>\n\t<\/div>\n<\/div>\n<\/div>\n<div class=\"tm-spacer\" id=\"tm-spacer-69dcf30f728b8\"><\/div>\n<\/div><\/div><\/div><div id=\"tm-column-inner-69dcf30f72994\" class=\"wpb_column vc_column_container vc_col-sm-12 vc_col-lg-4\"><div class=\"vc_column-inner\"><div class=\"wpb_wrapper\"><div class=\"tm-box-icon  style-10 tm-animation move-up\" id=\"tm-box-icon-69dcf30f72ae7\">\n\t\t<div class=\"content-wrap\">\n\t<div class=\"content-inner\">\n\t\t<div class=\"content-left\">\n\t\t\t\n\t\t\t\t\t\t\t\t\t\t\t\t<div class=\"icon\">\n\t\t\t\t\t\t<span class=\"fal fa-tooth\"><\/span>\n\t\t\t\t\t<\/div>\n\t\t\t\t\t\t\t\t\t\t<\/div>\n\n\t\t<div class=\"content\">\n\n\t\t\t\t\t\t\t<h4 class=\"heading\">\n\t\t\t\t\t\n\t\t\t\t\t\tVisitas peri\u00f3dicas\n\t\t\t\t\t\t\n\t\t\t\t<\/h4>\n\t\t\t\n\t\t\t\t\t\t\t<div class=\"text\">Lo m\u00e1s importante para nosotros es tu salud bucal, por eso, programamos tu visita cada 6 meses para evitar cualquier problema a nivel dental.<\/div>\t\t\t\n\t\t\t\t\t<\/div>\n\t<\/div>\n<\/div>\n<\/div>\n<div class=\"tm-spacer\" id=\"tm-spacer-69dcf30f72f4e\"><\/div>\n<\/div><\/div><\/div><div id=\"tm-column-inner-69dcf30f73033\" class=\"wpb_column vc_column_container vc_col-sm-12 vc_col-lg-4\"><div class=\"vc_column-inner\"><div class=\"wpb_wrapper\"><div class=\"tm-box-icon  style-10 tm-animation move-up\" id=\"tm-box-icon-69dcf30f73180\">\n\t\t<div class=\"content-wrap\">\n\t<div class=\"content-inner\">\n\t\t<div class=\"content-left\">\n\t\t\t\n\t\t\t\t\t\t\t\t\t\t\t\t<div class=\"icon\">\n\t\t\t\t\t\t<span class=\"fal fa-credit-card-blank\"><\/span>\n\t\t\t\t\t<\/div>\n\t\t\t\t\t\t\t\t\t\t<\/div>\n\n\t\t<div class=\"content\">\n\n\t\t\t\t\t\t\t<h4 class=\"heading\">\n\t\t\t\t\t\n\t\t\t\t\t\tQueremos conocerte\n\t\t\t\t\t\t\n\t\t\t\t<\/h4>\n\t\t\t\n\t\t\t\t\t\t\t<div class=\"text\">Descubre por qu\u00e9 nos eligen de primera mano. Entendemos la odontolog\u00eda de una manera diferente, \u00bfquieres saber por qu\u00e9?<\/div>\t\t\t\n\t\t\t\t\t<\/div>\n\t<\/div>\n<\/div>\n<\/div>\n<div class=\"tm-spacer\" id=\"tm-spacer-69dcf30f735fb\"><\/div>\n<\/div><\/div><\/div><\/div><\/div><\/div><\/div><\/div><div id=\"tm-row-69dcf30f737aa\" data-vc-full-width=\"true\" data-vc-full-width-init=\"false\" data-vc-stretch-content=\"true\" class=\"vc_row vc_row-outer vc_row-fluid\"><div id=\"tm-column-69dcf30f739dd\" class=\"wpb_column vc_column_container vc_col-sm-12\"><div class=\"vc_column-inner\"><div class=\"wpb_wrapper\">\n\t<div class=\"tm-grid-wrapper tm-testimonial-metro\" id=\"tm-testimonial-metro-69dcf30f73b6b\"\n\t\t\t>\n\t\t\n\t\t<input type=\"hidden\" class=\"tm-grid-query\" value=\"{&quot;post_type&quot;:&quot;testimonial&quot;,&quot;posts_per_page&quot;:&quot;5&quot;,&quot;orderby&quot;:&quot;date&quot;,&quot;order&quot;:&quot;DESC&quot;,&quot;paged&quot;:1,&quot;post_status&quot;:&quot;publish&quot;,&quot;action&quot;:&quot;testimonial_infinite_load&quot;,&quot;max_num_pages&quot;:1,&quot;found_posts&quot;:5,&quot;taxonomies&quot;:&quot;&quot;,&quot;style&quot;:&quot;&quot;,&quot;pagination&quot;:&quot;&quot;,&quot;count&quot;:5,&quot;metro_layout&quot;:&quot;%5B%7B%22size%22%3A%222%3A2%22%7D%2C%7B%22size%22%3A%222%3A1%22%7D%2C%7B%22size%22%3A%221%3A1%22%7D%2C%7B%22size%22%3A%221%3A1%22%7D%2C%7B%22size%22%3A%222%3A1%22%7D%5D&quot;}\"\/>\n\n\t\t<div class=\"tm-grid modern-grid has-animation move-up\">\n\t\t\t\t<div class=\"post-item grid-item grid-width-2 grid-height-2 post-630 testimonial type-testimonial status-publish has-post-thumbnail hentry testimonial_category-fullwidth\">\n\t\t<div class=\"post-wrapper\">\n\t\t\t<a href=\"https:\/\/quintanadental.es\/en\/?testimonial=harrison-well\">\n\t\t\t\t<div class=\"post-feature-wrap\">\n\t\t\t\t\t\t\t\t\t\t\t\t\t\t\t\t\t<div class=\"post-thumbnail\"\n\t\t\t\t\t\t     style=\"background-image: url(https:\/\/quintanadental.es\/wp-content\/uploads\/2019\/06\/18.jpg);\"><\/div>\n\t\t\t\t\t\t\t\t\t<\/div>\n\t\t\t<\/a>\n\n\t\t\t<div class=\"post-content\">\n\t\t\t\t<div class=\"post-info\">\n\t\t\t\t\t<div class=\"testimonial-desc heading-font\"><p>La cl\u00ednica es estupenda y sobre todo los profesionales que trabajan en ella. Te sugieren la mejor opci\u00f3n para tu problema y adem\u00e1s \u00a1no hacen nada de da\u00f1o!<\/p>\n<\/div>\n\t\t\t\t\t<h3 class=\"post-title\">\n\t<a href=\"https:\/\/quintanadental.es\/en\/?testimonial=harrison-well\">Sergio Garc\u00eda G\u00f3mez<\/a>\n<\/h3>\n\t\t\t\t<\/div>\n\t\t\t<\/div>\n\t\t<\/div>\n\t<\/div>\n\t\t<div class=\"post-item grid-item grid-width-2 post-454 testimonial type-testimonial status-publish has-post-thumbnail hentry testimonial_category-fullwidth\">\n\t\t<div class=\"post-wrapper\">\n\t\t\t<a href=\"https:\/\/quintanadental.es\/en\/?testimonial=doris-jones\">\n\t\t\t\t<div class=\"post-feature-wrap\">\n\t\t\t\t\t\t\t\t\t\t\t\t\t\t\t\t\t<div class=\"post-thumbnail\"\n\t\t\t\t\t\t     style=\"background-image: url(https:\/\/quintanadental.es\/wp-content\/uploads\/2019\/06\/19-960x480.jpg);\"><\/div>\n\t\t\t\t\t\t\t\t\t<\/div>\n\t\t\t<\/a>\n\n\t\t\t<div class=\"post-content\">\n\t\t\t\t<div class=\"post-info\">\n\t\t\t\t\t<div class=\"testimonial-desc heading-font\"><p>Absolutamente fant\u00e1stica. Es mi cl\u00ednica desde hace a\u00f1os y he pasado por tratamientos de implantes, regeneraci\u00f3n de hueso, endodoncias&#8230;y los resultados han sido impecables.<\/p>\n<\/div>\n\t\t\t\t\t<h3 class=\"post-title\">\n\t<a href=\"https:\/\/quintanadental.es\/en\/?testimonial=doris-jones\">Javier Garc\u00eda<\/a>\n<\/h3>\n\t\t\t\t<\/div>\n\t\t\t<\/div>\n\t\t<\/div>\n\t<\/div>\n\t\t<div class=\"post-item grid-item post-455 testimonial type-testimonial status-publish has-post-thumbnail hentry\">\n\t\t<div class=\"post-wrapper\">\n\t\t\t<a href=\"https:\/\/quintanadental.es\/en\/?testimonial=lauryn-hills\">\n\t\t\t\t<div class=\"post-feature-wrap\">\n\t\t\t\t\t\t\t\t\t\t\t\t\t\t\t\t\t<div class=\"post-thumbnail\"\n\t\t\t\t\t\t     style=\"background-image: url(https:\/\/quintanadental.es\/wp-content\/uploads\/2019\/06\/12-480x480.jpg);\"><\/div>\n\t\t\t\t\t\t\t\t\t<\/div>\n\t\t\t<\/a>\n\n\t\t\t<div class=\"post-content\">\n\t\t\t\t<div class=\"post-info\">\n\t\t\t\t\t<div class=\"testimonial-desc heading-font\"><p>Grandes profesionales!! Todo perfecto. Estoy muy contenta con el trabajo. Feliz y totalmente recomendable.<\/p>\n<\/div>\n\t\t\t\t\t<h3 class=\"post-title\">\n\t<a href=\"https:\/\/quintanadental.es\/en\/?testimonial=lauryn-hills\">Mar De Castro<\/a>\n<\/h3>\n\t\t\t\t<\/div>\n\t\t\t<\/div>\n\t\t<\/div>\n\t<\/div>\n\t\t<div class=\"post-item grid-item post-452 testimonial type-testimonial status-publish has-post-thumbnail hentry\">\n\t\t<div class=\"post-wrapper\">\n\t\t\t<a href=\"https:\/\/quintanadental.es\/en\/?testimonial=linda-choi\">\n\t\t\t\t<div class=\"post-feature-wrap\">\n\t\t\t\t\t\t\t\t\t\t\t\t\t\t\t\t\t<div class=\"post-thumbnail\"\n\t\t\t\t\t\t     style=\"background-image: url(https:\/\/quintanadental.es\/wp-content\/uploads\/2019\/06\/8-480x480.jpg);\"><\/div>\n\t\t\t\t\t\t\t\t\t<\/div>\n\t\t\t<\/a>\n\n\t\t\t<div class=\"post-content\">\n\t\t\t\t<div class=\"post-info\">\n\t\t\t\t\t<div class=\"testimonial-desc heading-font\"><p>Magn\u00edficos profesionales, desde la persona de la recepci\u00f3n, atenta y alegre siempre, a todos los profesionales que trabajan all\u00ed.<\/p>\n<\/div>\n\t\t\t\t\t<h3 class=\"post-title\">\n\t<a href=\"https:\/\/quintanadental.es\/en\/?testimonial=linda-choi\">Cristina Miguel Martin<\/a>\n<\/h3>\n\t\t\t\t<\/div>\n\t\t\t<\/div>\n\t\t<\/div>\n\t<\/div>\n\t\t<div class=\"post-item grid-item grid-width-2 post-450 testimonial type-testimonial status-publish has-post-thumbnail hentry\">\n\t\t<div class=\"post-wrapper\">\n\t\t\t<a href=\"https:\/\/quintanadental.es\/en\/?testimonial=michael-davidson\">\n\t\t\t\t<div class=\"post-feature-wrap\">\n\t\t\t\t\t\t\t\t\t\t\t\t\t\t\t\t\t<div class=\"post-thumbnail\"\n\t\t\t\t\t\t     style=\"background-image: url(https:\/\/quintanadental.es\/wp-content\/uploads\/2019\/06\/21-960x480.jpg);\"><\/div>\n\t\t\t\t\t\t\t\t\t<\/div>\n\t\t\t<\/a>\n\n\t\t\t<div class=\"post-content\">\n\t\t\t\t<div class=\"post-info\">\n\t\t\t\t\t<div class=\"testimonial-desc heading-font\"><p>Tuve un peque\u00f1o problema y me lo resolvieron de forma muy eficaz y r\u00e1pida sin ser a\u00fan paciente en la cl\u00ednica. Muy contenta con el resultado y, sobre todo, agradecida. Sin duda muy profesionales.<\/p>\n<\/div>\n\t\t\t\t\t<h3 class=\"post-title\">\n\t<a href=\"https:\/\/quintanadental.es\/en\/?testimonial=michael-davidson\">Marta \u00c1valos<\/a>\n<\/h3>\n\t\t\t\t<\/div>\n\t\t\t<\/div>\n\t\t<\/div>\n\t<\/div>\n\t\t\t<\/div>\n\n\t\t\n\t<\/div>\n\t<div class=\"tm-spacer\" id=\"tm-spacer-69dcf30f77a50\"><\/div>\n<\/div><\/div><\/div><\/div><div class=\"vc_row-full-width vc_clearfix\"><\/div><div id=\"tm-row-69dcf30f77c89\" data-vc-full-width=\"true\" data-vc-full-width-init=\"false\" class=\"vc_row vc_row-outer vc_row-fluid\"><div id=\"tm-column-69dcf30f77efc\" class=\"wpb_column vc_column_container vc_col-sm-12\"><div class=\"vc_column-inner\"><div class=\"wpb_wrapper\">\n<div class=\"tm-heading  center tm-animation move-up\" id=\"tm-heading-69dcf30f7813a\">\n\t<h3 class=\"heading\" style='font-family:Poppins'><span class=\"icon fal fa-map-marker-alt\"><\/span><a href=\"https:\/\/goo.gl\/maps\/NQdKdhuQfAi2CP6s8\">\u00bfD\u00f3nde estamos? Local\u00edzanos<\/a><\/h3><\/div>\n\n<\/div><\/div><\/div><\/div><div class=\"vc_row-full-width vc_clearfix\"><\/div>","protected":false},"excerpt":{"rendered":"Tuve un peque\u00f1o problema y me lo resolvieron de forma muy eficaz y r\u00e1pida sin ser a\u00fan paciente en la cl\u00ednica. Muy contenta con el resultado y, sobre todo, agradecida. Sin duda muy profesionales.","protected":false},"author":1,"featured_media":0,"parent":0,"menu_order":0,"comment_status":"closed","ping_status":"closed","template":"","meta":{"footnotes":""},"class_list":["post-125","page","type-page","status-publish","hentry"],"_links":{"self":[{"href":"https:\/\/quintanadental.es\/en\/wp-json\/wp\/v2\/pages\/125","targetHints":{"allow":["GET"]}}],"collection":[{"href":"https:\/\/quintanadental.es\/en\/wp-json\/wp\/v2\/pages"}],"about":[{"href":"https:\/\/quintanadental.es\/en\/wp-json\/wp\/v2\/types\/page"}],"author":[{"embeddable":true,"href":"https:\/\/quintanadental.es\/en\/wp-json\/wp\/v2\/users\/1"}],"replies":[{"embeddable":true,"href":"https:\/\/quintanadental.es\/en\/wp-json\/wp\/v2\/comments?post=125"}],"version-history":[{"count":11,"href":"https:\/\/quintanadental.es\/en\/wp-json\/wp\/v2\/pages\/125\/revisions"}],"predecessor-version":[{"id":3216,"href":"https:\/\/quintanadental.es\/en\/wp-json\/wp\/v2\/pages\/125\/revisions\/3216"}],"wp:attachment":[{"href":"https:\/\/quintanadental.es\/en\/wp-json\/wp\/v2\/media?parent=125"}],"curies":[{"name":"wp","href":"https:\/\/api.w.org\/{rel}","templated":true}]}}